{"id":3102,"date":"2018-11-22T11:27:41","date_gmt":"2018-11-22T10:27:41","guid":{"rendered":"http:\/\/abacacorporate.com\/?page_id=3102"},"modified":"2019-01-08T14:57:25","modified_gmt":"2019-01-08T13:57:25","slug":"credits-photos","status":"publish","type":"page","link":"https:\/\/abacapress.com\/corporate\/credits-photos\/","title":{"rendered":"\u00a9 Cr\u00e9dits photos"},"content":{"rendered":"<div class=\"wpb-content-wrapper\"><p>[vc_row row_content_width=\u00a0\u00bbgrid\u00a0\u00bb css=\u00a0\u00bb.vc_custom_1539771651460{padding-top: 100px !important;padding-bottom: 100px !important;}\u00a0\u00bb][vc_column width=\u00a0\u00bb1\/2&Prime; offset=\u00a0\u00bbvc_hidden-xs\u00a0\u00bb][vc_empty_space height=\u00a0\u00bb120px\u00a0\u00bb][vc_single_image image=\u00a0\u00bb3113&Prime; img_size=\u00a0\u00bbfull\u00a0\u00bb][\/vc_column][vc_column width=\u00a0\u00bb1\/2&Prime;][vc_column_text]<\/p>\n<h1 style=\"text-align: left;\">Les photographes<\/h1>\n<p>[\/vc_column_text][vc_separator color=\u00a0\u00bbcustom\u00a0\u00bb align=\u00a0\u00bbalign_left\u00a0\u00bb border_width=\u00a0\u00bb2&Prime; el_width=\u00a0\u00bb10&Prime; accent_color=\u00a0\u00bb#e52e36&Prime; css=\u00a0\u00bb.vc_custom_1539770298158{padding-top: 20px !important;padding-bottom: 40px !important;}\u00a0\u00bb][vc_row_inner][vc_column_inner width=\u00a0\u00bb1\/2&Prime;][vc_column_text el_class=\u00a0\u00bblist-credits\u00a0\u00bb]<\/p>\n<ul>\n<li>Alain Apaydin<\/li>\n<li>Eliot Blondet<\/li>\n<li>Rudy Burbant<\/li>\n<li>Giovanni Cecchinato<\/li>\n<li>Pierre Charriau<\/li>\n<li>Bob Coscarelli<\/li>\n<li>Didier Delmas<\/li>\n<li>Serge Detalle<\/li>\n<li>Sidali Djenidi<\/li>\n<li>J\u00e9r\u00f4me Domin\u00e9<\/li>\n<li>Cyril Folliot<\/li>\n<li>Stevens Fremont<\/li>\n<li>Tim Franco<\/li>\n<li>Filip Gerlinski<\/li>\n<li>Nicolas Gouhier<\/li>\n<li>Jacques-Yves Gucia<\/li>\n<li>Christophe Guibbaud<\/li>\n<li>Rebecca Hobday<\/li>\n<li>Jakob Owens<\/li>\n<\/ul>\n<p>[\/vc_column_text][\/vc_column_inner][vc_column_inner width=\u00a0\u00bb1\/2&Prime;][vc_column_text el_class=\u00a0\u00bblist-credits\u00a0\u00bb]<\/p>\n<ul>\n<li>Jasper James<\/li>\n<li>Julien Knaub<\/li>\n<li>Mitja Kobal<\/li>\n<li>Jean-Paul Lefret<\/li>\n<li>Philippe Louzon<\/li>\n<li>Christophe Meireis<\/li>\n<li>David Morganti<\/li>\n<li>Donja Pitsch<\/li>\n<li>Pierre Antoine Pluquet<\/li>\n<li>Remi Pierre Ribiere<\/li>\n<li>Etienne Ruggeri<\/li>\n<li>Vangelis Paterakis<\/li>\n<li>Guillaume Ramon<\/li>\n<li>Pascal Rondeau<\/li>\n<li>Sandrine Roudeix<\/li>\n<li>Aaron Joel Santos<\/li>\n<li>Antonin Weber<\/li>\n<li>Barbara Zonzin<\/li>\n<\/ul>\n<p>[\/vc_column_text][\/vc_column_inner][\/vc_row_inner][\/vc_column][\/vc_row]<\/p>\n<\/div>","protected":false},"excerpt":{"rendered":"<p>[vc_row row_content_width=\u00a0\u00bbgrid\u00a0\u00bb css=\u00a0\u00bb.vc_custom_1539771651460{padding-top: 100px !important;padding-bottom: 100px !important;}\u00a0\u00bb][vc_column width=\u00a0\u00bb1\/2&Prime; offset=\u00a0\u00bbvc_hidden-xs\u00a0\u00bb][vc_empty_space height=\u00a0\u00bb120px\u00a0\u00bb][vc_single_image image=\u00a0\u00bb3113&Prime; img_size=\u00a0\u00bbfull\u00a0\u00bb][\/vc_column][vc_column width=\u00a0\u00bb1\/2&Prime;][vc_column_text] Les photographes [\/vc_column_text][vc_separator color=\u00a0\u00bbcustom\u00a0\u00bb align=\u00a0\u00bbalign_left\u00a0\u00bb border_width=\u00a0\u00bb2&Prime; el_width=\u00a0\u00bb10&Prime; accent_color=\u00a0\u00bb#e52e36&Prime; css=\u00a0\u00bb.vc_custom_1539770298158{padding-top: 20px !important;padding-bottom: 40px !important;}\u00a0\u00bb][vc_row_inner][vc_column_inner width=\u00a0\u00bb1\/2&Prime;][vc_column_text el_class=\u00a0\u00bblist-credits\u00a0\u00bb] Alain Apaydin Eliot Blondet Rudy Burbant Giovanni Cecchinato Pierre Charriau Bob Coscarelli [&hellip;]<\/p>\n","protected":false},"author":4,"featured_media":0,"parent":0,"menu_order":0,"comment_status":"closed","ping_status":"closed","template":"","meta":{"footnotes":""},"class_list":["post-3102","page","type-page","status-publish","hentry"],"_links":{"self":[{"href":"https:\/\/abacapress.com\/corporate\/wp-json\/wp\/v2\/pages\/3102","targetHints":{"allow":["GET"]}}],"collection":[{"href":"https:\/\/abacapress.com\/corporate\/wp-json\/wp\/v2\/pages"}],"about":[{"href":"https:\/\/abacapress.com\/corporate\/wp-json\/wp\/v2\/types\/page"}],"author":[{"embeddable":true,"href":"https:\/\/abacapress.com\/corporate\/wp-json\/wp\/v2\/users\/4"}],"replies":[{"embeddable":true,"href":"https:\/\/abacapress.com\/corporate\/wp-json\/wp\/v2\/comments?post=3102"}],"version-history":[{"count":0,"href":"https:\/\/abacapress.com\/corporate\/wp-json\/wp\/v2\/pages\/3102\/revisions"}],"wp:attachment":[{"href":"https:\/\/abacapress.com\/corporate\/wp-json\/wp\/v2\/media?parent=3102"}],"curies":[{"name":"wp","href":"https:\/\/api.w.org\/{rel}","templated":true}]}}