{"id":3139,"date":"2018-11-22T15:23:31","date_gmt":"2018-11-22T14:23:31","guid":{"rendered":"http:\/\/abacacorporate.com\/?page_id=3139"},"modified":"2019-04-29T10:49:23","modified_gmt":"2019-04-29T08:49:23","slug":"nos-references","status":"publish","type":"page","link":"https:\/\/abacapress.com\/corporate\/nos-references\/","title":{"rendered":"Nos r\u00e9f\u00e9rences"},"content":{"rendered":"<div class=\"wpb-content-wrapper\"><p>[vc_row full_width=\u00a0\u00bbstretch_row\u00a0\u00bb equal_height=\u00a0\u00bbyes\u00a0\u00bb content_placement=\u00a0\u00bbtop\u00a0\u00bb css=\u00a0\u00bb.vc_custom_1542898411704{padding-bottom: 50px !important;background-color: #ffffff !important;}\u00a0\u00bb][vc_column offset=\u00a0\u00bbvc_col-lg-6 vc_col-md-12&Prime; css=\u00a0\u00bb.vc_custom_1542898083808{padding-right: 30px !important;}\u00a0\u00bb][vc_single_image image=\u00a0\u00bb3144&Prime; img_size=\u00a0\u00bb200&#215;75&Prime;][vc_empty_space height=\u00a0\u00bb10px\u00a0\u00bb][vc_column_text el_class=\u00a0\u00bbtxt-justify\u00a0\u00bb]Nous photographions les actions de la Fondation et ses projets de formation digitale agissant pour l\u2019insertion de populations moins favoris\u00e9es.[\/vc_column_text][\/vc_column][vc_column offset=\u00a0\u00bbvc_col-lg-6 vc_col-md-12&Prime; css=\u00a0\u00bb.vc_custom_1542898162380{padding-right: 30px !important;}\u00a0\u00bb][vc_single_image image=\u00a0\u00bb3145&Prime; img_size=\u00a0\u00bb200&#215;75&Prime;][vc_empty_space height=\u00a0\u00bb10px\u00a0\u00bb][vc_column_text el_class=\u00a0\u00bbtxt-justify\u00a0\u00bb]Dans le domaine architectural et le design, le groupe Accor Hotels a retenu notre agence pour photographier leurs h\u00f4tels toutes marques confondues, sous toutes les latitudes.[\/vc_column_text][\/vc_column][\/vc_row][vc_row full_width=\u00a0\u00bbstretch_row\u00a0\u00bb equal_height=\u00a0\u00bbyes\u00a0\u00bb content_placement=\u00a0\u00bbtop\u00a0\u00bb css=\u00a0\u00bb.vc_custom_1541690049756{padding-top: 75px !important;padding-bottom: 100px !important;background-color: #f8f8f9 !important;}\u00a0\u00bb][vc_column offset=\u00a0\u00bbvc_col-lg-6 vc_col-md-12&Prime; css=\u00a0\u00bb.vc_custom_1542898083808{padding-right: 30px !important;}\u00a0\u00bb][vc_single_image image=\u00a0\u00bb3179&Prime; img_size=\u00a0\u00bb144&#215;75&Prime;][vc_empty_space height=\u00a0\u00bb10px\u00a0\u00bb][vc_column_text el_class=\u00a0\u00bbtxt-justify\u00a0\u00bb]Agence r\u00e9f\u00e9rente du groupe, nous r\u00e9alisons portraits et reportages \u00e9v\u00e8nementiels pour la communication interne d\u2019EDF.[\/vc_column_text][\/vc_column][vc_column offset=\u00a0\u00bbvc_col-lg-6 vc_col-md-12&Prime; css=\u00a0\u00bb.vc_custom_1542898162380{padding-right: 30px !important;}\u00a0\u00bb][vc_single_image image=\u00a0\u00bb3142&Prime; img_size=\u00a0\u00bb75&#215;75&Prime;][vc_empty_space height=\u00a0\u00bb10px\u00a0\u00bb][vc_column_text el_class=\u00a0\u00bbtxt-justify\u00a0\u00bb]Abaca couvre tous les besoins photographique de cha\u00eene, reportages en coulisse, \u00e9missions diverses, portraits\u2026[\/vc_column_text][\/vc_column][\/vc_row][vc_row row_content_width=\u00a0\u00bbgrid\u00a0\u00bb css=\u00a0\u00bb.vc_custom_1539771651460{padding-top: 100px !important;padding-bottom: 100px !important;}\u00a0\u00bb][vc_column width=\u00a0\u00bb1\/6&Prime; offset=\u00a0\u00bbvc_hidden-xs\u00a0\u00bb][\/vc_column][vc_column width=\u00a0\u00bb2\/3&Prime;][vc_column_text]<\/p>\n<h2 style=\"text-align: center;\">Et bien d\u2019autres&#8230;<\/h2>\n<p>[\/vc_column_text][vc_separator color=\u00a0\u00bbcustom\u00a0\u00bb border_width=\u00a0\u00bb2&Prime; el_width=\u00a0\u00bb10&Prime; accent_color=\u00a0\u00bb#e52e36&Prime; css=\u00a0\u00bb.vc_custom_1542898751490{padding-top: 20px !important;padding-bottom: 40px !important;}\u00a0\u00bb]<div class=\"edgtf-image-gallery\">\n\t<div class=\"edgtf-image-gallery-carousel  edgtf-igc-standard edgtf-slick-carousel\" data-autoplay=\"3\" data-animation=\"slide\" data-space-between-slides=\"50\" data-navigation=\"no\" data-pagination=\"yes\">\n\t\t\t\t<div class=\"edgtf-igc-image-holder\" style=\";margin-left:25px;margin-right:25px\">\n\t\t\t\t\t\t\t\t\t\t\t\t<img loading=\"lazy\" decoding=\"async\" src=\"https:\/\/abacapress.com\/corporate\/wp-content\/uploads\/2018\/11\/womans-forum-200x125.jpg\" alt=\"women's forum\" width=\"200\" height=\"125\" \/>\t\t\t\t\t\t\t\t\t\t\t\t\t\t\t<\/div>\n\t\t\t\t<div class=\"edgtf-igc-image-holder\" style=\";margin-left:25px;margin-right:25px\">\n\t\t\t\t\t\t\t\t\t\t\t\t<img loading=\"lazy\" decoding=\"async\" src=\"https:\/\/abacapress.com\/corporate\/wp-content\/uploads\/2018\/11\/logo-wcle-200x125.jpg\" alt=\"logo w&cle\" width=\"200\" height=\"125\" \/>\t\t\t\t\t\t\t\t\t\t\t\t\t\t\t<\/div>\n\t\t\t\t<div class=\"edgtf-igc-image-holder\" style=\";margin-left:25px;margin-right:25px\">\n\t\t\t\t\t\t\t\t\t\t\t\t<img loading=\"lazy\" decoding=\"async\" src=\"https:\/\/abacapress.com\/corporate\/wp-content\/uploads\/2018\/11\/logo-rtl-200x125.jpg\" alt=\"logo rtl\" width=\"200\" height=\"125\" \/>\t\t\t\t\t\t\t\t\t\t\t\t\t\t\t<\/div>\n\t\t\t\t<div class=\"edgtf-igc-image-holder\" style=\";margin-left:25px;margin-right:25px\">\n\t\t\t\t\t\t\t\t\t\t\t\t<img loading=\"lazy\" decoding=\"async\" src=\"https:\/\/abacapress.com\/corporate\/wp-content\/uploads\/2018\/11\/logo-rmc-decouverte-200x125.jpg\" alt=\"logo rmc decouverte\" width=\"200\" height=\"125\" \/>\t\t\t\t\t\t\t\t\t\t\t\t\t\t\t<\/div>\n\t\t\t\t<div class=\"edgtf-igc-image-holder\" style=\";margin-left:25px;margin-right:25px\">\n\t\t\t\t\t\t\t\t\t\t\t\t<img loading=\"lazy\" decoding=\"async\" src=\"https:\/\/abacapress.com\/corporate\/wp-content\/uploads\/2018\/11\/logo-renault-200x125.jpg\" alt=\"logo renault\" width=\"200\" height=\"125\" \/>\t\t\t\t\t\t\t\t\t\t\t\t\t\t\t<\/div>\n\t\t\t\t<div class=\"edgtf-igc-image-holder\" style=\";margin-left:25px;margin-right:25px\">\n\t\t\t\t\t\t\t\t\t\t\t\t<img loading=\"lazy\" decoding=\"async\" src=\"https:\/\/abacapress.com\/corporate\/wp-content\/uploads\/2018\/11\/logo-publicis-200x125.jpg\" alt=\"logo publicis\" width=\"200\" height=\"125\" \/>\t\t\t\t\t\t\t\t\t\t\t\t\t\t\t<\/div>\n\t\t\t\t<div class=\"edgtf-igc-image-holder\" style=\";margin-left:25px;margin-right:25px\">\n\t\t\t\t\t\t\t\t\t\t\t\t<img loading=\"lazy\" decoding=\"async\" src=\"https:\/\/abacapress.com\/corporate\/wp-content\/uploads\/2018\/11\/logo-psa-200x125.jpg\" alt=\"logo psa\" width=\"200\" height=\"125\" \/>\t\t\t\t\t\t\t\t\t\t\t\t\t\t\t<\/div>\n\t\t\t\t<div class=\"edgtf-igc-image-holder\" style=\";margin-left:25px;margin-right:25px\">\n\t\t\t\t\t\t\t\t\t\t\t\t<img loading=\"lazy\" decoding=\"async\" src=\"https:\/\/abacapress.com\/corporate\/wp-content\/uploads\/2018\/11\/maranatha-200x125.jpg\" alt=\"logo maranatha\" width=\"200\" height=\"125\" \/>\t\t\t\t\t\t\t\t\t\t\t\t\t\t\t<\/div>\n\t\t\t\t<div class=\"edgtf-igc-image-holder\" style=\";margin-left:25px;margin-right:25px\">\n\t\t\t\t\t\t\t\t\t\t\t\t<img loading=\"lazy\" decoding=\"async\" src=\"https:\/\/abacapress.com\/corporate\/wp-content\/uploads\/2018\/11\/logo-asn-200x125.jpg\" alt=\"logo asn\" width=\"200\" height=\"125\" \/>\t\t\t\t\t\t\t\t\t\t\t\t\t\t\t<\/div>\n\t\t\t\t<div class=\"edgtf-igc-image-holder\" style=\";margin-left:25px;margin-right:25px\">\n\t\t\t\t\t\t\t\t\t\t\t\t<img loading=\"lazy\" decoding=\"async\" src=\"https:\/\/abacapress.com\/corporate\/wp-content\/uploads\/2018\/11\/logo-aduneo-200x125.jpg\" alt=\"logo aduneo\" width=\"200\" height=\"125\" \/>\t\t\t\t\t\t\t\t\t\t\t\t\t\t\t<\/div>\n\t\t\t\t<div class=\"edgtf-igc-image-holder\" style=\";margin-left:25px;margin-right:25px\">\n\t\t\t\t\t\t\t\t\t\t\t\t<img loading=\"lazy\" decoding=\"async\" src=\"https:\/\/abacapress.com\/corporate\/wp-content\/uploads\/2018\/11\/logo-klesia-200x125.jpg\" alt=\"logo klesia\" width=\"200\" height=\"125\" \/>\t\t\t\t\t\t\t\t\t\t\t\t\t\t\t<\/div>\n\t\t\t\t<div class=\"edgtf-igc-image-holder\" style=\";margin-left:25px;margin-right:25px\">\n\t\t\t\t\t\t\t\t\t\t\t\t<img loading=\"lazy\" decoding=\"async\" src=\"https:\/\/abacapress.com\/corporate\/wp-content\/uploads\/2018\/11\/logo-holiday-inn-200x125.jpg\" alt=\"logo holiday inn\" width=\"200\" height=\"125\" \/>\t\t\t\t\t\t\t\t\t\t\t\t\t\t\t<\/div>\n\t\t\t\t<div class=\"edgtf-igc-image-holder\" style=\";margin-left:25px;margin-right:25px\">\n\t\t\t\t\t\t\t\t\t\t\t\t<img loading=\"lazy\" decoding=\"async\" src=\"https:\/\/abacapress.com\/corporate\/wp-content\/uploads\/2018\/11\/logo-gameloft-200x125.jpg\" alt=\"logo gameloft\" width=\"200\" height=\"125\" \/>\t\t\t\t\t\t\t\t\t\t\t\t\t\t\t<\/div>\n\t\t\t\t<div class=\"edgtf-igc-image-holder\" style=\";margin-left:25px;margin-right:25px\">\n\t\t\t\t\t\t\t\t\t\t\t\t<img loading=\"lazy\" decoding=\"async\" src=\"https:\/\/abacapress.com\/corporate\/wp-content\/uploads\/2018\/11\/logo-engie-200x125.jpg\" alt=\"logo engie\" width=\"200\" height=\"125\" \/>\t\t\t\t\t\t\t\t\t\t\t\t\t\t\t<\/div>\n\t\t\t\t<div class=\"edgtf-igc-image-holder\" style=\";margin-left:25px;margin-right:25px\">\n\t\t\t\t\t\t\t\t\t\t\t\t<img loading=\"lazy\" decoding=\"async\" src=\"https:\/\/abacapress.com\/corporate\/wp-content\/uploads\/2018\/11\/logo-eads-200x125.jpg\" alt=\"logo eads\" width=\"200\" height=\"125\" \/>\t\t\t\t\t\t\t\t\t\t\t\t\t\t\t<\/div>\n\t\t\t\t<div class=\"edgtf-igc-image-holder\" style=\";margin-left:25px;margin-right:25px\">\n\t\t\t\t\t\t\t\t\t\t\t\t<img loading=\"lazy\" decoding=\"async\" src=\"https:\/\/abacapress.com\/corporate\/wp-content\/uploads\/2018\/11\/logo-deloitte-200x125.jpg\" alt=\"logo deloitte\" width=\"200\" height=\"125\" \/>\t\t\t\t\t\t\t\t\t\t\t\t\t\t\t<\/div>\n\t\t\t\t<div class=\"edgtf-igc-image-holder\" style=\";margin-left:25px;margin-right:25px\">\n\t\t\t\t\t\t\t\t\t\t\t\t<img loading=\"lazy\" decoding=\"async\" src=\"https:\/\/abacapress.com\/corporate\/wp-content\/uploads\/2018\/11\/logo-cartier-200x125.jpg\" alt=\"logo cartier\" width=\"200\" height=\"125\" \/>\t\t\t\t\t\t\t\t\t\t\t\t\t\t\t<\/div>\n\t\t\t\t<div class=\"edgtf-igc-image-holder\" style=\";margin-left:25px;margin-right:25px\">\n\t\t\t\t\t\t\t\t\t\t\t\t<img loading=\"lazy\" decoding=\"async\" src=\"https:\/\/abacapress.com\/corporate\/wp-content\/uploads\/2018\/11\/logo-axa-200x125.jpg\" alt=\"logo axa\" width=\"200\" height=\"125\" \/>\t\t\t\t\t\t\t\t\t\t\t\t\t\t\t<\/div>\n\t\t\t\t<div class=\"edgtf-igc-image-holder\" style=\";margin-left:25px;margin-right:25px\">\n\t\t\t\t\t\t\t\t\t\t\t\t<img loading=\"lazy\" decoding=\"async\" src=\"https:\/\/abacapress.com\/corporate\/wp-content\/uploads\/2018\/11\/logo-airliquide-200x125.jpg\" alt=\"logo airliquide\" width=\"200\" height=\"125\" \/>\t\t\t\t\t\t\t\t\t\t\t\t\t\t\t<\/div>\n\t\t\t\t<div class=\"edgtf-igc-image-holder\" style=\";margin-left:25px;margin-right:25px\">\n\t\t\t\t\t\t\t\t\t\t\t\t<img loading=\"lazy\" decoding=\"async\" src=\"https:\/\/abacapress.com\/corporate\/wp-content\/uploads\/2018\/11\/logo-airbus-200x125.jpg\" alt=\"logo airbus\" width=\"200\" height=\"125\" \/>\t\t\t\t\t\t\t\t\t\t\t\t\t\t\t<\/div>\n\t\t\t\t<div class=\"edgtf-igc-image-holder\" style=\";margin-left:25px;margin-right:25px\">\n\t\t\t\t\t\t\t\t\t\t\t\t<img loading=\"lazy\" decoding=\"async\" src=\"https:\/\/abacapress.com\/corporate\/wp-content\/uploads\/2018\/11\/logo-agence-de-biomedecine-200x125.jpg\" alt=\"logo agence de biomedecine\" width=\"200\" height=\"125\" \/>\t\t\t\t\t\t\t\t\t\t\t\t\t\t\t<\/div>\n\t\t\t<\/div>\n<\/div>[\/vc_column][vc_column width=\u00a0\u00bb1\/6&Prime;][\/vc_column][\/vc_row]<\/p>\n<\/div>","protected":false},"excerpt":{"rendered":"<p>[vc_row full_width=\u00a0\u00bbstretch_row\u00a0\u00bb equal_height=\u00a0\u00bbyes\u00a0\u00bb content_placement=\u00a0\u00bbtop\u00a0\u00bb css=\u00a0\u00bb.vc_custom_1542898411704{padding-bottom: 50px !important;background-color: #ffffff !important;}\u00a0\u00bb][vc_column offset=\u00a0\u00bbvc_col-lg-6 vc_col-md-12&Prime; css=\u00a0\u00bb.vc_custom_1542898083808{padding-right: 30px !important;}\u00a0\u00bb][vc_single_image image=\u00a0\u00bb3144&Prime; img_size=\u00a0\u00bb200&#215;75&Prime;][vc_empty_space height=\u00a0\u00bb10px\u00a0\u00bb][vc_column_text el_class=\u00a0\u00bbtxt-justify\u00a0\u00bb]Nous photographions les actions de la Fondation et ses projets de formation digitale agissant pour l\u2019insertion de populations moins favoris\u00e9es.[\/vc_column_text][\/vc_column][vc_column offset=\u00a0\u00bbvc_col-lg-6 vc_col-md-12&Prime; css=\u00a0\u00bb.vc_custom_1542898162380{padding-right: [&hellip;]<\/p>\n","protected":false},"author":4,"featured_media":3595,"parent":0,"menu_order":0,"comment_status":"closed","ping_status":"closed","template":"","meta":{"footnotes":""},"class_list":["post-3139","page","type-page","status-publish","has-post-thumbnail","hentry"],"_links":{"self":[{"href":"https:\/\/abacapress.com\/corporate\/wp-json\/wp\/v2\/pages\/3139","targetHints":{"allow":["GET"]}}],"collection":[{"href":"https:\/\/abacapress.com\/corporate\/wp-json\/wp\/v2\/pages"}],"about":[{"href":"https:\/\/abacapress.com\/corporate\/wp-json\/wp\/v2\/types\/page"}],"author":[{"embeddable":true,"href":"https:\/\/abacapress.com\/corporate\/wp-json\/wp\/v2\/users\/4"}],"replies":[{"embeddable":true,"href":"https:\/\/abacapress.com\/corporate\/wp-json\/wp\/v2\/comments?post=3139"}],"version-history":[{"count":0,"href":"https:\/\/abacapress.com\/corporate\/wp-json\/wp\/v2\/pages\/3139\/revisions"}],"wp:featuredmedia":[{"embeddable":true,"href":"https:\/\/abacapress.com\/corporate\/wp-json\/wp\/v2\/media\/3595"}],"wp:attachment":[{"href":"https:\/\/abacapress.com\/corporate\/wp-json\/wp\/v2\/media?parent=3139"}],"curies":[{"name":"wp","href":"https:\/\/api.w.org\/{rel}","templated":true}]}}