{"id":1323,"date":"2019-02-25T15:37:00","date_gmt":"2019-02-25T14:37:00","guid":{"rendered":"http:\/\/s539520907.onlinehome.fr\/abacapress\/?page_id=1323"},"modified":"2023-07-17T18:16:44","modified_gmt":"2023-07-17T16:16:44","slug":"conditions-generales-dutilisation","status":"publish","type":"page","link":"https:\/\/abacapress.com\/press\/conditions-generales-dutilisation\/","title":{"rendered":"Conditions g\u00e9n\u00e9rales d&#8217;utilisation"},"content":{"rendered":"<div class=\"wpb-content-wrapper\">[vc_row css=&#8221;.vc_custom_1551107939407{padding-top: 50px !important;padding-bottom: 50px !important;}&#8221;][vc_column][vc_column_text]\n<h2><b>ARTICLE 1. INFORMATIONS L\u00c9GALES<\/b><\/h2>\n<p><span style=\"font-weight: 400;\">En vertu de l&#8217;article 6 de la Loi n\u00b0 2004-575 du 21 juin 2004 pour la confiance dans l&#8217;\u00e9conomie num\u00e9rique, il est pr\u00e9cis\u00e9 dans cet article l&#8217;identit\u00e9 des diff\u00e9rents intervenants dans le cadre de sa r\u00e9alisation et de son suivi.<\/span><\/p>\n<p><span style=\"font-weight: 400;\">Le site ABACAPRESS.COM est \u00e9dit\u00e9 par : Monsieur Jean-Michel Psaila, domicili\u00e9 \u00e0 l&#8217;adresse suivante :<\/span><\/p>\n<p><b>ABACA PRESS<\/b><span style=\"font-weight: 400;\"> \u2013 140 rue Victor Hugo, 92300 Levallois-Perret<br \/>\n<\/span><\/p>\n<p><span style=\"font-weight: 400;\">T\u00e9l\u00e9phone : 01 84 80 82 90<br \/>\n<\/span><\/p>\n<p><span style=\"font-weight: 400;\">Adresse e-mail : <\/span><a href=\"mailto:Laurent.galichet@tamento.com\"><span style=\"font-weight: 400;\">corpoinside@abacapress.fr<\/span><\/a><\/p>\n<p><span style=\"font-weight: 400;\">Le directeur de publication du site est :<\/span><\/p>\n<p><b>Madame St\u00e9phanie Duval.<\/b><\/p>\n<p><span style=\"font-weight: 400;\">Le site ABACACORPORATE.COM est h\u00e9berg\u00e9 par :<\/span><\/p>\n<p><b>OVH<\/b><span style=\"font-weight: 400;\">, dont le si\u00e8ge est situ\u00e9 \u00e0 l&#8217;adresse ci-apr\u00e8s :<\/span><\/p>\n<p><span style=\"font-weight: 400;\">Si\u00e8ge Social : 2 rue Kellermann &#8211; 59100 Roubaix &#8211; France <\/span><\/p>\n<p><b>\u00a0<\/b><\/p>\n<h2><b>ARTICLE 2. PR\u00c9SENTATION DU SITE<\/b><\/h2>\n<p><span style=\"font-weight: 400;\">Le site ABACA PRESS a pour objet :<\/span><\/p>\n<p><span style=\"font-weight: 400;\">De pr\u00e9senter les services et fonds photographiques propos\u00e9s par l\u2019agence de presse photographique Abaca Press.<\/span><\/p>\n<p><span style=\"font-weight: 400;\">\u00a0<\/span><\/p>\n<h2><b>ARTICLE 3. CONTACT<\/b><\/h2>\n<p><span style=\"font-weight: 400;\">Pour toute question ou demande d&#8217;information concernant le site, ou tout signalement de contenu ou d&#8217;activit\u00e9s illicites, l&#8217;utilisateur peut contacter l&#8217;\u00e9diteur \u00e0 l&#8217;adresse e-mail suivante: <\/span><a href=\"mailto:contact@tamento.com\"><span style=\"font-weight: 400;\">pierre@abacapress.fr<\/span><\/a><span style=\"font-weight: 400;\"> ou adresser un courrier recommand\u00e9 avec accus\u00e9 de r\u00e9ception \u00e0 :<\/span><\/p>\n<p><span style=\"font-weight: 400;\">Madame St\u00e9phanie Duval \u2013 Abaca Press \u2013 43 rue Pierre Brossolette \u2013 92300 Levallois-Perret<\/span><\/p>\n<p><span style=\"font-weight: 400;\">\u00a0<\/span><\/p>\n<h2><b>ARTICLE 4. ACCEPTATION DES CONDITIONS D&#8217;UTILISATION<\/b><\/h2>\n<p><span style=\"font-weight: 400;\">L&#8217;acc\u00e8s et l&#8217;utilisation du site sont soumis \u00e0 l&#8217;acceptation et au respect des pr\u00e9sentes Conditions G\u00e9n\u00e9rales d&#8217;Utilisation.<\/span><\/p>\n<p><span style=\"font-weight: 400;\">L&#8217;\u00e9diteur se r\u00e9serve le droit de modifier, \u00e0 tout moment et sans pr\u00e9avis, le site et des services ainsi que les pr\u00e9sentes CGU, notamment pour s&#8217;adapter aux \u00e9volutions du site par la mise \u00e0 disposition de nouvelles fonctionnalit\u00e9s ou la suppression ou la modification de fonctionnalit\u00e9s existantes.<\/span><\/p>\n<p><span style=\"font-weight: 400;\">Il est donc conseill\u00e9 \u00e0 l&#8217;utilisateur de se r\u00e9f\u00e9rer avant toute navigation \u00e0 la derni\u00e8re version des CGU, accessible \u00e0 tout moment sur le site. En cas de d\u00e9saccord avec les CGU, aucun usage du site ne saurait \u00eatre effectu\u00e9 par l&#8217;utilisateur.<\/span><\/p>\n<p><span style=\"font-weight: 400;\">\u00a0<\/span><\/p>\n<h2><b>ARTICLE 5. ACC\u00c8S ET NAVIGATION<\/b><\/h2>\n<p><span style=\"font-weight: 400;\">L&#8217;\u00e9diteur met en \u0153uvre les solutions techniques \u00e0 sa disposition pour permettre l&#8217;acc\u00e8s au site 24 heures sur 24, 7 jours sur 7. Il pourra n\u00e9anmoins \u00e0 tout moment suspendre, limiter ou interrompre l&#8217;acc\u00e8s au site ou \u00e0 certaines pages de celui-ci afin de proc\u00e9der \u00e0 des mises \u00e0 jours, des modifications de son contenu ou tout autre action jug\u00e9e n\u00e9cessaire au bon fonctionnement du site.<\/span><\/p>\n<p><span style=\"font-weight: 400;\">La connexion et la navigation sur le site ABACAPRESS.COM valent acceptation sans r\u00e9serve des pr\u00e9sentes Conditions G\u00e9n\u00e9rales d&#8217;Utilisation, quelques soient les moyens techniques d&#8217;acc\u00e8s et les terminaux utilis\u00e9s.<\/span><\/p>\n<p><span style=\"font-weight: 400;\">Les pr\u00e9sentes CGU s&#8217;appliquent, en tant que de besoin, \u00e0 toute d\u00e9clinaison ou extension du site sur les r\u00e9seaux sociaux et\/ou communautaires existants ou \u00e0 venir.<\/span><\/p>\n<p><span style=\"font-weight: 400;\">\u00a0<\/span><\/p>\n<h2><b>ARTICLE 6. GESTION DU SITE<\/b><\/h2>\n<p><span style=\"font-weight: 400;\">Pour la bonne gestion du site, l&#8217;\u00e9diteur pourra \u00e0 tout moment :<\/span><\/p>\n<ul>\n<li style=\"font-weight: 400;\"><span style=\"font-weight: 400;\">Suspendre, interrompre ou limiter l&#8217;acc\u00e8s \u00e0 tout ou partie du site, r\u00e9server l&#8217;acc\u00e8s au site, ou \u00e0 certaines parties du site, \u00e0 une cat\u00e9gorie d\u00e9termin\u00e9e d&#8217;internaute ;<\/span><\/li>\n<li style=\"font-weight: 400;\"><span style=\"font-weight: 400;\">Supprimer toute information pouvant en perturber le fonctionnement ou entrant en contravention avec les lois nationales ou internationales, ou avec les r\u00e8gles de la N\u00e9tiquette ;<\/span><\/li>\n<li style=\"font-weight: 400;\"><span style=\"font-weight: 400;\">Suspendre le site afin de proc\u00e9der \u00e0 des mises \u00e0 jour.<\/span><\/li>\n<\/ul>\n<p><b>\u00a0<\/b><\/p>\n<h2><b>ARTICLE 7. RESPONSABILIT\u00c9S<\/b><\/h2>\n<p><span style=\"font-weight: 400;\">L&#8217;\u00e9diteur n&#8217;est responsable que du contenu qu&#8217;il a lui-m\u00eame \u00e9dit\u00e9.<\/span><\/p>\n<p><span style=\"font-weight: 400;\">L&#8217;\u00e9diteur n&#8217;est pas responsable :<\/span><\/p>\n<p><span style=\"font-weight: 400;\">&#8211; En cas de probl\u00e9matiques ou d\u00e9faillances techniques, informatiques ou de compatibilit\u00e9 du site avec un mat\u00e9riel ou logiciel quel qu&#8217;il soit ;<\/span><\/p>\n<p><span style=\"font-weight: 400;\">&#8211; Des dommages directs ou indirects, mat\u00e9riels ou immat\u00e9riels, pr\u00e9visibles ou impr\u00e9visibles r\u00e9sultant de l&#8217;utilisation ou des difficult\u00e9s d&#8217;utilisation du site ou de ses services ;<\/span><\/p>\n<p><span style=\"font-weight: 400;\">&#8211; Des caract\u00e9ristiques intrins\u00e8ques de l&#8217;Internet, notamment celles relatives au manque de fiabilit\u00e9 et au d\u00e9faut de s\u00e9curisation des informations y circulant ;<\/span><\/p>\n<p><span style=\"font-weight: 400;\">&#8211; Des contenus ou activit\u00e9s illicites utilisant son site et ce, sans qu&#8217;il en ait pris d\u00fbment connaissance au sens de la Loi n\u00b0 2004-575 du 21 juin 2004 pour la confiance dans l&#8217;\u00e9conomie num\u00e9rique et la Loi n\u00b02004-801 du 6 ao\u00fbt 2004 relative \u00e0 la protection des personnes physiques \u00e0 l&#8217;\u00e9gard de traitement de donn\u00e9es \u00e0 caract\u00e8re personnel.<\/span><\/p>\n<p><span style=\"font-weight: 400;\">Par ailleurs, le site ne saurait garantir l&#8217;exactitude, la compl\u00e9tude, et l&#8217;actualit\u00e9 des informations qui y sont diffus\u00e9es. L&#8217;utilisateur est responsable :<\/span><\/p>\n<ul>\n<li style=\"font-weight: 400;\"><span style=\"font-weight: 400;\">De la protection de son mat\u00e9riel et de ses donn\u00e9es ;<\/span><\/li>\n<li style=\"font-weight: 400;\"><span style=\"font-weight: 400;\">De l&#8217;utilisation qu&#8217;il fait du site ou de ses services ;<\/span><\/li>\n<li style=\"font-weight: 400;\"><span style=\"font-weight: 400;\">S&#8217;il ne respecte ni la lettre, ni l&#8217;esprit des pr\u00e9sentes CGU. <\/span><\/li>\n<\/ul>\n<p>&nbsp;<\/p>\n<h2><b>ARTICLE 8. LIENS HYPERTEXTES<\/b><\/h2>\n<p><span style=\"font-weight: 400;\">Le site peut contenir des liens hypertextes pointant vers d&#8217;autres sites internet sur lesquels ABACAPRESS.COM n&#8217;exerce pas de contr\u00f4le. Malgr\u00e9 les v\u00e9rifications pr\u00e9alables et r\u00e9guli\u00e8res r\u00e9alis\u00e9s par l&#8217;\u00e9diteur, celui-ci d\u00e9cline tout responsabilit\u00e9 quant aux contenus qu&#8217;il est possible de trouver sur ces sites.<\/span><\/p>\n<p><span style=\"font-weight: 400;\">L&#8217;\u00e9diteur autorise la mise en place de liens hypertextes vers toute page ou document de son site sous r\u00e9serve que la mise en place de ces liens ne soit pas r\u00e9alis\u00e9e \u00e0 des fins commerciales ou publicitaires.<\/span><\/p>\n<p><span style=\"font-weight: 400;\">En outre, l&#8217;information pr\u00e9alable de l&#8217;\u00e9diteur du site est n\u00e9cessaire avant toute mise en place de lien hypertexte.<\/span><\/p>\n<p><span style=\"font-weight: 400;\">Sont exclus de cette autorisation les sites diffusant des informations \u00e0 caract\u00e8re illicite, violent, pol\u00e9mique, pornographique, x\u00e9nophobe ou pouvant porter atteinte \u00e0 la sensibilit\u00e9 du plus grand nombre.<\/span><\/p>\n<p><span style=\"font-weight: 400;\">Enfin, ABACAPRESS.COM se r\u00e9serve le droit de faire supprimer \u00e0 tout moment un lien hypertexte pointant vers son site, si le site l&#8217;estime non conforme \u00e0 sa politique \u00e9ditoriale.<\/span><\/p>\n<p>&nbsp;<\/p>\n<h2><b>ARTICLE 9 : CONFIDENTIALIT\u00c9<\/b><\/h2>\n<p><span style=\"font-weight: 400;\">En plus des pr\u00e9sentes Conditions G\u00e9n\u00e9rales, le site dispose d&#8217;une politique de confidentialit\u00e9 qui d\u00e9crit la mani\u00e8re dont les donn\u00e9es \u00e0 caract\u00e8re personnel sont trait\u00e9es lorsque l&#8217;utilisateur se rend sur le site, ainsi que la mani\u00e8re dont les cookies sont utilis\u00e9s.<\/span><\/p>\n<p><span style=\"font-weight: 400;\">En naviguant sur le site, l&#8217;utilisateur d\u00e9clare avoir \u00e9galement pris connaissance de la politique de confidentialit\u00e9 susmentionn\u00e9e.<\/span><\/p>\n<p><span style=\"font-weight: 400;\">\u00a0<\/span><\/p>\n<h2><b>ARTICLE 10. PROPRI\u00c9T\u00c9 INTELLECTUELLE<\/b><\/h2>\n<p><span style=\"font-weight: 400;\">La structuration du site mais aussi les textes, graphiques, images, photographies, sons, vid\u00e9os et applications informatiques qui le composent sont la propri\u00e9t\u00e9 de l&#8217;\u00e9diteur et sont prot\u00e9g\u00e9s comme tels par les lois en vigueur au titre de la propri\u00e9t\u00e9 intellectuelle.<\/span><\/p>\n<p><span style=\"font-weight: 400;\">Toute repr\u00e9sentation, reproduction, adaptation ou exploitation partielle ou totale des contenus, marques d\u00e9pos\u00e9es et services propos\u00e9s par le site, par quelque proc\u00e9d\u00e9 que ce soit, sans l&#8217;autorisation pr\u00e9alable, expresse et \u00e9crite de l&#8217;\u00e9diteur, est strictement interdite et serait susceptible de constituer une contrefa\u00e7on au sens des articles L. 335-2 et suivants du Code de la propri\u00e9t\u00e9 intellectuelle. Et ce, \u00e0 l&#8217;exception des \u00e9l\u00e9ments express\u00e9ment d\u00e9sign\u00e9s comme libres de droits sur le site.<\/span><\/p>\n<p><span style=\"font-weight: 400;\">L&#8217;acc\u00e8s au site ne vaut pas reconnaissance d&#8217;un droit et, de mani\u00e8re g\u00e9n\u00e9rale, ne conf\u00e8re aucun droit de propri\u00e9t\u00e9 intellectuelle relatif \u00e0 un \u00e9l\u00e9ment du site, lesquels restent la propri\u00e9t\u00e9 exclusive de l&#8217;\u00e9diteur.<\/span><\/p>\n<p><span style=\"font-weight: 400;\">Il est interdit \u00e0 l&#8217;utilisateur d&#8217;introduire des donn\u00e9es sur le site qui modifieraient ou qui seraient susceptibles d&#8217;en modifier le contenu ou l&#8217;apparence.<\/span><\/p>\n<p><span style=\"font-weight: 400;\">\u00a0<\/span><\/p>\n<h2><b>ARTICLE 11. LOI APPLICABLE ET JURIDICTION COMP\u00c9TENTE<\/b><\/h2>\n<p><span style=\"font-weight: 400;\">Les pr\u00e9sentes Conditions G\u00e9n\u00e9rales d&#8217;Utilisation sont r\u00e9gies par la loi fran\u00e7aise. En cas de diff\u00e9rend et \u00e0 d\u00e9faut d&#8217;accord amiable, le litige sera port\u00e9 devant les tribunaux fran\u00e7ais conform\u00e9ment aux r\u00e8gles de comp\u00e9tence en vigueur.<\/span>[\/vc_column_text][\/vc_column][\/vc_row]\n<\/div>","protected":false},"excerpt":{"rendered":"<p>[vc_row css=&#8221;.vc_custom_1551107939407{padding-top: 50px !important;padding-bottom: 50px !important;}&#8221;][vc_column][vc_column_text] ARTICLE 1. INFORMATIONS L\u00c9GALES En vertu de l&#8217;article 6 de la Loi n\u00b0 2004-575 du 21 juin 2004 pour la confiance dans l&#8217;\u00e9conomie num\u00e9rique, il est pr\u00e9cis\u00e9 dans cet article l&#8217;identit\u00e9 des diff\u00e9rents intervenants dans le cadre de sa r\u00e9alisation et de son suivi. Le site ABACAPRESS.COM est \u00e9dit\u00e9 [&hellip;]<\/p>\n","protected":false},"author":1,"featured_media":0,"parent":0,"menu_order":0,"comment_status":"closed","ping_status":"closed","template":"template\/page-detail.php","meta":{"footnotes":""},"class_list":["post-1323","page","type-page","status-publish","hentry"],"yoast_head":"<!-- This site is optimized with the Yoast SEO plugin v25.6 - https:\/\/yoast.com\/wordpress\/plugins\/seo\/ -->\n<title>Conditions G\u00e9n\u00e9rales d&#039;Utilisation - Abaca Press<\/title>\n<meta name=\"description\" content=\"Lisez sur cette page les conditions g\u00e9n\u00e9rales d&#039;utilisation du site Abaca Press.\" \/>\n<meta name=\"robots\" content=\"index, follow, max-snippet:-1, max-image-preview:large, max-video-preview:-1\" \/>\n<link rel=\"canonical\" href=\"https:\/\/abacapress.com\/press\/conditions-generales-dutilisation\/\" \/>\n<meta property=\"og:locale\" content=\"en_US\" \/>\n<meta property=\"og:type\" content=\"article\" \/>\n<meta property=\"og:title\" content=\"Conditions G\u00e9n\u00e9rales d&#039;Utilisation - Abaca Press\" \/>\n<meta property=\"og:description\" content=\"Lisez sur cette page les conditions g\u00e9n\u00e9rales d&#039;utilisation du site Abaca Press.\" \/>\n<meta property=\"og:url\" content=\"https:\/\/abacapress.com\/press\/conditions-generales-dutilisation\/\" \/>\n<meta property=\"og:site_name\" content=\"Abaca Press\" \/>\n<meta property=\"article:modified_time\" content=\"2023-07-17T16:16:44+00:00\" \/>\n<meta name=\"twitter:card\" content=\"summary_large_image\" \/>\n<meta name=\"twitter:label1\" content=\"Est. reading time\" \/>\n\t<meta name=\"twitter:data1\" content=\"6 minutes\" \/>\n<script type=\"application\/ld+json\" class=\"yoast-schema-graph\">{\"@context\":\"https:\/\/schema.org\",\"@graph\":[{\"@type\":\"WebPage\",\"@id\":\"https:\/\/abacapress.com\/press\/conditions-generales-dutilisation\/\",\"url\":\"https:\/\/abacapress.com\/press\/conditions-generales-dutilisation\/\",\"name\":\"Conditions G\u00e9n\u00e9rales d'Utilisation - Abaca Press\",\"isPartOf\":{\"@id\":\"https:\/\/abacapress.com\/press\/#website\"},\"datePublished\":\"2019-02-25T14:37:00+00:00\",\"dateModified\":\"2023-07-17T16:16:44+00:00\",\"description\":\"Lisez sur cette page les conditions g\u00e9n\u00e9rales d'utilisation du site Abaca Press.\",\"breadcrumb\":{\"@id\":\"https:\/\/abacapress.com\/press\/conditions-generales-dutilisation\/#breadcrumb\"},\"inLanguage\":\"en-US\",\"potentialAction\":[{\"@type\":\"ReadAction\",\"target\":[\"https:\/\/abacapress.com\/press\/conditions-generales-dutilisation\/\"]}]},{\"@type\":\"BreadcrumbList\",\"@id\":\"https:\/\/abacapress.com\/press\/conditions-generales-dutilisation\/#breadcrumb\",\"itemListElement\":[{\"@type\":\"ListItem\",\"position\":1,\"name\":\"Accueil\",\"item\":\"https:\/\/abacapress.com\/press\/\"},{\"@type\":\"ListItem\",\"position\":2,\"name\":\"Conditions g\u00e9n\u00e9rales d&#8217;utilisation\"}]},{\"@type\":\"WebSite\",\"@id\":\"https:\/\/abacapress.com\/press\/#website\",\"url\":\"https:\/\/abacapress.com\/press\/\",\"name\":\"Abaca Press\",\"description\":\"Agence de presse photographique\",\"potentialAction\":[{\"@type\":\"SearchAction\",\"target\":{\"@type\":\"EntryPoint\",\"urlTemplate\":\"https:\/\/abacapress.com\/press\/?s={search_term_string}\"},\"query-input\":{\"@type\":\"PropertyValueSpecification\",\"valueRequired\":true,\"valueName\":\"search_term_string\"}}],\"inLanguage\":\"en-US\"}]}<\/script>\n<!-- \/ Yoast SEO plugin. -->","yoast_head_json":{"title":"Conditions G\u00e9n\u00e9rales d'Utilisation - Abaca Press","description":"Lisez sur cette page les conditions g\u00e9n\u00e9rales d'utilisation du site Abaca Press.","robots":{"index":"index","follow":"follow","max-snippet":"max-snippet:-1","max-image-preview":"max-image-preview:large","max-video-preview":"max-video-preview:-1"},"canonical":"https:\/\/abacapress.com\/press\/conditions-generales-dutilisation\/","og_locale":"en_US","og_type":"article","og_title":"Conditions G\u00e9n\u00e9rales d'Utilisation - Abaca Press","og_description":"Lisez sur cette page les conditions g\u00e9n\u00e9rales d'utilisation du site Abaca Press.","og_url":"https:\/\/abacapress.com\/press\/conditions-generales-dutilisation\/","og_site_name":"Abaca Press","article_modified_time":"2023-07-17T16:16:44+00:00","twitter_card":"summary_large_image","twitter_misc":{"Est. reading time":"6 minutes"},"schema":{"@context":"https:\/\/schema.org","@graph":[{"@type":"WebPage","@id":"https:\/\/abacapress.com\/press\/conditions-generales-dutilisation\/","url":"https:\/\/abacapress.com\/press\/conditions-generales-dutilisation\/","name":"Conditions G\u00e9n\u00e9rales d'Utilisation - Abaca Press","isPartOf":{"@id":"https:\/\/abacapress.com\/press\/#website"},"datePublished":"2019-02-25T14:37:00+00:00","dateModified":"2023-07-17T16:16:44+00:00","description":"Lisez sur cette page les conditions g\u00e9n\u00e9rales d'utilisation du site Abaca Press.","breadcrumb":{"@id":"https:\/\/abacapress.com\/press\/conditions-generales-dutilisation\/#breadcrumb"},"inLanguage":"en-US","potentialAction":[{"@type":"ReadAction","target":["https:\/\/abacapress.com\/press\/conditions-generales-dutilisation\/"]}]},{"@type":"BreadcrumbList","@id":"https:\/\/abacapress.com\/press\/conditions-generales-dutilisation\/#breadcrumb","itemListElement":[{"@type":"ListItem","position":1,"name":"Accueil","item":"https:\/\/abacapress.com\/press\/"},{"@type":"ListItem","position":2,"name":"Conditions g\u00e9n\u00e9rales d&#8217;utilisation"}]},{"@type":"WebSite","@id":"https:\/\/abacapress.com\/press\/#website","url":"https:\/\/abacapress.com\/press\/","name":"Abaca Press","description":"Agence de presse photographique","potentialAction":[{"@type":"SearchAction","target":{"@type":"EntryPoint","urlTemplate":"https:\/\/abacapress.com\/press\/?s={search_term_string}"},"query-input":{"@type":"PropertyValueSpecification","valueRequired":true,"valueName":"search_term_string"}}],"inLanguage":"en-US"}]}},"_links":{"self":[{"href":"https:\/\/abacapress.com\/press\/wp-json\/wp\/v2\/pages\/1323","targetHints":{"allow":["GET"]}}],"collection":[{"href":"https:\/\/abacapress.com\/press\/wp-json\/wp\/v2\/pages"}],"about":[{"href":"https:\/\/abacapress.com\/press\/wp-json\/wp\/v2\/types\/page"}],"author":[{"embeddable":true,"href":"https:\/\/abacapress.com\/press\/wp-json\/wp\/v2\/users\/1"}],"replies":[{"embeddable":true,"href":"https:\/\/abacapress.com\/press\/wp-json\/wp\/v2\/comments?post=1323"}],"version-history":[{"count":0,"href":"https:\/\/abacapress.com\/press\/wp-json\/wp\/v2\/pages\/1323\/revisions"}],"wp:attachment":[{"href":"https:\/\/abacapress.com\/press\/wp-json\/wp\/v2\/media?parent=1323"}],"curies":[{"name":"wp","href":"https:\/\/api.w.org\/{rel}","templated":true}]}}