{"id":1330,"date":"2019-02-25T15:48:47","date_gmt":"2019-02-25T14:48:47","guid":{"rendered":"http:\/\/s539520907.onlinehome.fr\/abacapress\/?page_id=1330"},"modified":"2019-04-29T09:36:39","modified_gmt":"2019-04-29T07:36:39","slug":"donnees-utilisateurs","status":"publish","type":"page","link":"https:\/\/abacapress.com\/press\/donnees-utilisateurs\/","title":{"rendered":"Donn\u00e9es utilisateurs"},"content":{"rendered":"<div class=\"wpb-content-wrapper\">[vc_row css=&#8221;.vc_custom_1551109697764{padding-top: 60px !important;padding-bottom: 60px !important;}&#8221;][vc_column]                   \r\n                   <div class=\"section-head text-left text-black\">\r\n                        <h2 class=\"text-uppercase font-36\">Gestion des donn\u00e9es utilisateurs<\/h2>\r\n                        <div class=\"wt-separator-outer\">\r\n                            <div class=\"wt-separator bg-black\"><\/div>\r\n                        <\/div>\r\n                    <\/div>\r\n      [vc_column_text]Ici, vous pouvez nous demander de <strong>modifier, supprimer ou de transf\u00e9rer vos donn\u00e9es \u00e0 un tiers.<\/strong><br \/>\nLe d\u00e9lais de prise en charge de votre demande est de<strong> 1 mois<\/strong> (2 maximum en cas de demande complexe).[\/vc_column_text]\n<div class=\"wpcf7 no-js\" id=\"wpcf7-f1338-o1\" lang=\"fr-FR\" dir=\"ltr\" data-wpcf7-id=\"1338\">\n<div class=\"screen-reader-response\"><p role=\"status\" aria-live=\"polite\" aria-atomic=\"true\"><\/p> <ul><\/ul><\/div>\n<form action=\"\/press\/wp-json\/wp\/v2\/pages\/1330#wpcf7-f1338-o1\" method=\"post\" class=\"wpcf7-form init\" aria-label=\"Formulaire de contact\" novalidate=\"novalidate\" data-status=\"init\">\n<fieldset class=\"hidden-fields-container\"><input type=\"hidden\" name=\"_wpcf7\" value=\"1338\" \/><input type=\"hidden\" name=\"_wpcf7_version\" value=\"6.1.1\" \/><input type=\"hidden\" name=\"_wpcf7_locale\" value=\"fr_FR\" \/><input type=\"hidden\" name=\"_wpcf7_unit_tag\" value=\"wpcf7-f1338-o1\" \/><input type=\"hidden\" name=\"_wpcf7_container_post\" value=\"0\" \/><input type=\"hidden\" name=\"_wpcf7_posted_data_hash\" value=\"\" \/><input type=\"hidden\" name=\"_wpcf7_recaptcha_response\" value=\"\" \/>\n<\/fieldset>\n<div class=\"contact-one p-a40 p-r150\">\n\t<div class=\"form-group\">\n\t\t<p><span class=\"wpcf7-form-control-wrap\" data-name=\"nom\"><input size=\"40\" maxlength=\"400\" class=\"wpcf7-form-control wpcf7-text wpcf7-validates-as-required form-control\" aria-required=\"true\" aria-invalid=\"false\" placeholder=\"Nom\" value=\"\" type=\"text\" name=\"nom\" \/><\/span>\n\t\t<\/p>\n\t<\/div>\n\t<div class=\"form-group\">\n\t\t<p><span class=\"wpcf7-form-control-wrap\" data-name=\"prenom\"><input size=\"40\" maxlength=\"400\" class=\"wpcf7-form-control wpcf7-text wpcf7-validates-as-required form-control\" aria-required=\"true\" aria-invalid=\"false\" placeholder=\"Pr\u00e9nom\" value=\"\" type=\"text\" name=\"prenom\" \/><\/span>\n\t\t<\/p>\n\t<\/div>\n\t<div class=\"form-group\">\n\t\t<p><span class=\"wpcf7-form-control-wrap\" data-name=\"email\"><input size=\"40\" maxlength=\"400\" class=\"wpcf7-form-control wpcf7-email wpcf7-validates-as-required wpcf7-text wpcf7-validates-as-email form-control\" aria-required=\"true\" aria-invalid=\"false\" placeholder=\"Email\" value=\"\" type=\"email\" name=\"email\" \/><\/span>\n\t\t<\/p>\n\t<\/div>\n\t<div class=\"form-group\">\n\t\t<p><span class=\"wpcf7-form-control-wrap\" data-name=\"souhait\"><select class=\"wpcf7-form-control wpcf7-select wpcf7-validates-as-required\" aria-required=\"true\" aria-invalid=\"false\" name=\"souhait\"><option value=\"Retirer mon consentement\">Retirer mon consentement<\/option><option value=\"Modifier mes donn\u00e9es\">Modifier mes donn\u00e9es<\/option><option value=\"Supprimer mes donn\u00e9es\">Supprimer mes donn\u00e9es<\/option><option value=\"Transf\u00e9rer mes donn\u00e9es vers un tiers\">Transf\u00e9rer mes donn\u00e9es vers un tiers<\/option><option value=\"Autre\">Autre<\/option><\/select><\/span>\n\t\t<\/p>\n\t<\/div>\n\t<div class=\"form-group\">\n\t\t<p><span class=\"wpcf7-form-control-wrap\" data-name=\"message\"><textarea cols=\"40\" rows=\"10\" maxlength=\"2000\" class=\"wpcf7-form-control wpcf7-textarea wpcf7-validates-as-required form-control\" aria-required=\"true\" aria-invalid=\"false\" placeholder=\"Message\" name=\"message\"><\/textarea><\/span>\n\t\t<\/p>\n\t<\/div>\n\t<p><input class=\"wpcf7-form-control wpcf7-submit has-spinner font-12 site-button black radius-no text-uppercase letter-spacing-5\" type=\"submit\" value=\"ENVOYER\" \/>\n\t<\/p>\n<\/div><div class=\"wpcf7-response-output\" aria-hidden=\"true\"><\/div>\n<\/form>\n<\/div>\n[\/vc_column][\/vc_row]\n<\/div>","protected":false},"excerpt":{"rendered":"<p>[vc_row css=&#8221;.vc_custom_1551109697764{padding-top: 60px !important;padding-bottom: 60px !important;}&#8221;][vc_column][vc_column_text]Ici, vous pouvez nous demander de modifier, supprimer ou de transf\u00e9rer vos donn\u00e9es \u00e0 un tiers. Le d\u00e9lais de prise en charge de votre demande est de 1 mois (2 maximum en cas de demande complexe).[\/vc_column_text][\/vc_column][\/vc_row]<\/p>\n","protected":false},"author":1,"featured_media":0,"parent":0,"menu_order":0,"comment_status":"closed","ping_status":"closed","template":"template\/page-detail.php","meta":{"footnotes":""},"class_list":["post-1330","page","type-page","status-publish","hentry"],"yoast_head":"<!-- This site is optimized with the Yoast SEO plugin v25.6 - https:\/\/yoast.com\/wordpress\/plugins\/seo\/ -->\n<title>Donn\u00e9es Utilisateurs - Abaca Press<\/title>\n<meta name=\"description\" content=\"Ici, vous pouvez nous demander de modifier, supprimer ou de transf\u00e9rer vos donn\u00e9es \u00e0 un tiers.\" \/>\n<meta name=\"robots\" content=\"index, follow, max-snippet:-1, max-image-preview:large, max-video-preview:-1\" \/>\n<link rel=\"canonical\" href=\"https:\/\/abacapress.com\/press\/donnees-utilisateurs\/\" \/>\n<meta property=\"og:locale\" content=\"en_US\" \/>\n<meta property=\"og:type\" content=\"article\" \/>\n<meta property=\"og:title\" content=\"Donn\u00e9es Utilisateurs - Abaca Press\" \/>\n<meta property=\"og:description\" content=\"Ici, vous pouvez nous demander de modifier, supprimer ou de transf\u00e9rer vos donn\u00e9es \u00e0 un tiers.\" \/>\n<meta property=\"og:url\" content=\"https:\/\/abacapress.com\/press\/donnees-utilisateurs\/\" \/>\n<meta property=\"og:site_name\" content=\"Abaca Press\" \/>\n<meta property=\"article:modified_time\" content=\"2019-04-29T07:36:39+00:00\" \/>\n<meta name=\"twitter:card\" content=\"summary_large_image\" \/>\n<script type=\"application\/ld+json\" class=\"yoast-schema-graph\">{\"@context\":\"https:\/\/schema.org\",\"@graph\":[{\"@type\":\"WebPage\",\"@id\":\"https:\/\/abacapress.com\/press\/donnees-utilisateurs\/\",\"url\":\"https:\/\/abacapress.com\/press\/donnees-utilisateurs\/\",\"name\":\"Donn\u00e9es Utilisateurs - Abaca Press\",\"isPartOf\":{\"@id\":\"https:\/\/abacapress.com\/press\/#website\"},\"datePublished\":\"2019-02-25T14:48:47+00:00\",\"dateModified\":\"2019-04-29T07:36:39+00:00\",\"description\":\"Ici, vous pouvez nous demander de modifier, supprimer ou de transf\u00e9rer vos donn\u00e9es \u00e0 un tiers.\",\"breadcrumb\":{\"@id\":\"https:\/\/abacapress.com\/press\/donnees-utilisateurs\/#breadcrumb\"},\"inLanguage\":\"en-US\",\"potentialAction\":[{\"@type\":\"ReadAction\",\"target\":[\"https:\/\/abacapress.com\/press\/donnees-utilisateurs\/\"]}]},{\"@type\":\"BreadcrumbList\",\"@id\":\"https:\/\/abacapress.com\/press\/donnees-utilisateurs\/#breadcrumb\",\"itemListElement\":[{\"@type\":\"ListItem\",\"position\":1,\"name\":\"Accueil\",\"item\":\"https:\/\/abacapress.com\/press\/\"},{\"@type\":\"ListItem\",\"position\":2,\"name\":\"Donn\u00e9es utilisateurs\"}]},{\"@type\":\"WebSite\",\"@id\":\"https:\/\/abacapress.com\/press\/#website\",\"url\":\"https:\/\/abacapress.com\/press\/\",\"name\":\"Abaca Press\",\"description\":\"Agence de presse photographique\",\"potentialAction\":[{\"@type\":\"SearchAction\",\"target\":{\"@type\":\"EntryPoint\",\"urlTemplate\":\"https:\/\/abacapress.com\/press\/?s={search_term_string}\"},\"query-input\":{\"@type\":\"PropertyValueSpecification\",\"valueRequired\":true,\"valueName\":\"search_term_string\"}}],\"inLanguage\":\"en-US\"}]}<\/script>\n<!-- \/ Yoast SEO plugin. -->","yoast_head_json":{"title":"Donn\u00e9es Utilisateurs - Abaca Press","description":"Ici, vous pouvez nous demander de modifier, supprimer ou de transf\u00e9rer vos donn\u00e9es \u00e0 un tiers.","robots":{"index":"index","follow":"follow","max-snippet":"max-snippet:-1","max-image-preview":"max-image-preview:large","max-video-preview":"max-video-preview:-1"},"canonical":"https:\/\/abacapress.com\/press\/donnees-utilisateurs\/","og_locale":"en_US","og_type":"article","og_title":"Donn\u00e9es Utilisateurs - Abaca Press","og_description":"Ici, vous pouvez nous demander de modifier, supprimer ou de transf\u00e9rer vos donn\u00e9es \u00e0 un tiers.","og_url":"https:\/\/abacapress.com\/press\/donnees-utilisateurs\/","og_site_name":"Abaca Press","article_modified_time":"2019-04-29T07:36:39+00:00","twitter_card":"summary_large_image","schema":{"@context":"https:\/\/schema.org","@graph":[{"@type":"WebPage","@id":"https:\/\/abacapress.com\/press\/donnees-utilisateurs\/","url":"https:\/\/abacapress.com\/press\/donnees-utilisateurs\/","name":"Donn\u00e9es Utilisateurs - Abaca Press","isPartOf":{"@id":"https:\/\/abacapress.com\/press\/#website"},"datePublished":"2019-02-25T14:48:47+00:00","dateModified":"2019-04-29T07:36:39+00:00","description":"Ici, vous pouvez nous demander de modifier, supprimer ou de transf\u00e9rer vos donn\u00e9es \u00e0 un tiers.","breadcrumb":{"@id":"https:\/\/abacapress.com\/press\/donnees-utilisateurs\/#breadcrumb"},"inLanguage":"en-US","potentialAction":[{"@type":"ReadAction","target":["https:\/\/abacapress.com\/press\/donnees-utilisateurs\/"]}]},{"@type":"BreadcrumbList","@id":"https:\/\/abacapress.com\/press\/donnees-utilisateurs\/#breadcrumb","itemListElement":[{"@type":"ListItem","position":1,"name":"Accueil","item":"https:\/\/abacapress.com\/press\/"},{"@type":"ListItem","position":2,"name":"Donn\u00e9es utilisateurs"}]},{"@type":"WebSite","@id":"https:\/\/abacapress.com\/press\/#website","url":"https:\/\/abacapress.com\/press\/","name":"Abaca Press","description":"Agence de presse photographique","potentialAction":[{"@type":"SearchAction","target":{"@type":"EntryPoint","urlTemplate":"https:\/\/abacapress.com\/press\/?s={search_term_string}"},"query-input":{"@type":"PropertyValueSpecification","valueRequired":true,"valueName":"search_term_string"}}],"inLanguage":"en-US"}]}},"_links":{"self":[{"href":"https:\/\/abacapress.com\/press\/wp-json\/wp\/v2\/pages\/1330","targetHints":{"allow":["GET"]}}],"collection":[{"href":"https:\/\/abacapress.com\/press\/wp-json\/wp\/v2\/pages"}],"about":[{"href":"https:\/\/abacapress.com\/press\/wp-json\/wp\/v2\/types\/page"}],"author":[{"embeddable":true,"href":"https:\/\/abacapress.com\/press\/wp-json\/wp\/v2\/users\/1"}],"replies":[{"embeddable":true,"href":"https:\/\/abacapress.com\/press\/wp-json\/wp\/v2\/comments?post=1330"}],"version-history":[{"count":0,"href":"https:\/\/abacapress.com\/press\/wp-json\/wp\/v2\/pages\/1330\/revisions"}],"wp:attachment":[{"href":"https:\/\/abacapress.com\/press\/wp-json\/wp\/v2\/media?parent=1330"}],"curies":[{"name":"wp","href":"https:\/\/api.w.org\/{rel}","templated":true}]}}